{"id":106,"date":"2016-09-01T13:34:14","date_gmt":"2016-09-01T11:34:14","guid":{"rendered":"https:\/\/www.nooitgedacht.info\/de\/?page_id=106"},"modified":"2016-09-15T13:45:55","modified_gmt":"2016-09-15T11:45:55","slug":"omgeving","status":"publish","type":"page","link":"https:\/\/www.nooitgedacht.info\/de\/omgeving\/","title":{"rendered":"Umgebung"},"content":{"rendered":"<p>Katwoude liegt eingekeilt zwischen Monnickendam und Volendam. Volendam ist f\u00fcr seinen Dike, traditionelles costum und alten maisonnettes auf dem Labyrinth Welt-ber\u00fchmt. Sie k\u00f6nnen vom Tor von Volendam mit dem Boot zu Marken segeln und auf diese herrliche Insel herum gehen.<\/p>\n<p>Monnickendam hat einen gro\u00dfen Erholungbereich bei IJsselmeer: Hemmeland. Hier k\u00f6nnen Sie gehen und schwimmen. Es gibt auch Boote f\u00fcr die Einstellung.<\/p>\n<p>Amsterdam finden Sie auf eine 15KM Entfernung . Sie k\u00f6nnen einige Museen besichtigen, oder, die Stadt durch Fahrrad oder Wasserfahrrad, sehen.<br \/>\nSo besehen Sie Amsterdam in einer kompletten anderen Weise.<\/p>\n<p>Broek in Waterland und Edam sind Pl\u00e4tze, die nicht weit von Katwoude sind und die sicher das Besuchen wert sind.<\/p>\n<h1>Waterland<\/h1>\n<p>Der Bauernhof Nooitgedacht liegt in Waterland, unweit des IJsselmeer. In diesem Weidevogelgebiet gibt es Uferschnepfen, Kiebitzen, Austernfischer und vielen anderen V\u00f6geln. Eine ideale Umgebung zum (Rad-)Wandern, Kanu-, Ruderbootfahren oder Angeln. Im Winter tummeln sich hier die Schlittschuhl\u00e4ufer. Speziell f\u00fcr dieses Gebiet wurde eine Reihe von Tourenvorschl\u00e4gen f\u00fcr (Rad-)Wanderer ausgearbeitet .<\/p>\n<p>In nicht allzu gro\u00dfer Entfernung gibt es interessante Museen und andere Unterhaltungsm\u00f6glichkeiten f\u00fcr die ganze Familie. Wassersportler sind am IJsselmeer in ihrem Element und ein Seitenarm der einstigen Zuiderzee liegt direkt vor der Haust\u00fcr.  <\/p>\n","protected":false},"excerpt":{"rendered":"<p>Katwoude liegt eingekeilt zwischen Monnickendam und Volendam. Volendam ist f\u00fcr seinen Dike, traditionelles costum und alten maisonnettes auf dem Labyrinth Welt-ber\u00fchmt. Sie k\u00f6nnen vom Tor von Volendam mit dem Boot zu Marken segeln und auf diese herrliche Insel herum gehen. Monnickendam hat einen gro\u00dfen Erholungbereich bei IJsselmeer: Hemmeland. Hier k\u00f6nnen Sie gehen und schwimmen. Es &hellip; <a href=\"https:\/\/www.nooitgedacht.info\/de\/omgeving\/\" class=\"more-link\">Continue reading <span class=\"screen-reader-text\">Umgebung<\/span> <span class=\"meta-nav\">&rarr;<\/span><\/a><\/p>\n","protected":false},"author":1,"featured_media":0,"parent":0,"menu_order":0,"comment_status":"closed","ping_status":"closed","template":"","meta":{"_acf_changed":false,"_exactmetrics_skip_tracking":false,"_exactmetrics_sitenote_active":false,"_exactmetrics_sitenote_note":"","_exactmetrics_sitenote_category":0,"footnotes":""},"class_list":["post-106","page","type-page","status-publish","hentry"],"acf":[],"_links":{"self":[{"href":"https:\/\/www.nooitgedacht.info\/de\/wp-json\/wp\/v2\/pages\/106","targetHints":{"allow":["GET"]}}],"collection":[{"href":"https:\/\/www.nooitgedacht.info\/de\/wp-json\/wp\/v2\/pages"}],"about":[{"href":"https:\/\/www.nooitgedacht.info\/de\/wp-json\/wp\/v2\/types\/page"}],"author":[{"embeddable":true,"href":"https:\/\/www.nooitgedacht.info\/de\/wp-json\/wp\/v2\/users\/1"}],"replies":[{"embeddable":true,"href":"https:\/\/www.nooitgedacht.info\/de\/wp-json\/wp\/v2\/comments?post=106"}],"version-history":[{"count":3,"href":"https:\/\/www.nooitgedacht.info\/de\/wp-json\/wp\/v2\/pages\/106\/revisions"}],"predecessor-version":[{"id":207,"href":"https:\/\/www.nooitgedacht.info\/de\/wp-json\/wp\/v2\/pages\/106\/revisions\/207"}],"wp:attachment":[{"href":"https:\/\/www.nooitgedacht.info\/de\/wp-json\/wp\/v2\/media?parent=106"}],"curies":[{"name":"wp","href":"https:\/\/api.w.org\/{rel}","templated":true}]}}