{"id":2,"date":"2016-08-23T09:24:31","date_gmt":"2016-08-23T07:24:31","guid":{"rendered":"https:\/\/www.nooitgedacht.info\/de\/?page_id=2"},"modified":"2016-12-19T08:56:09","modified_gmt":"2016-12-19T07:56:09","slug":"voorbeeld-pagina","status":"publish","type":"page","link":"https:\/\/www.nooitgedacht.info\/de\/","title":{"rendered":""},"content":{"rendered":"<section class=\"intro wrapper\">\n<div class=\"leftBox\">\n<img decoding=\"async\" src=\"https:\/\/www.nooitgedacht.info\/de\/wp-content\/uploads\/sites\/8\/2016\/08\/Img_left.png\" alt=\"Img_left\"  \/>\n<\/div>\n<div class=\"rightBox\">\n<h1>\nWILKOMMEN AUF BED AND BREAKFAST HOF NOOITGEDACHT<\/h1>\n<p>Hof Nooitgedacht ist der traditionelle Haubarg-Hof von Jan de Vries im typischen Fehnweidegebiet des Waterland. Der Name des Geh\u00f6fts geht auf die Familie de Vries zur\u00fcck, die diesen Haubarg bereits seit 90 Jahren bewirtschaftet.\n<\/p>\n<div class=\"button informeer\"><a href=\"#contact\">Inform about Nooitgedacht<\/a><\/div>\n<\/div>\n<\/section>\n<section class=\"overnachten\" id=\"overnachten\">\n<div class=\"wrapper\">\n<h1>\u00dcbernachtung<\/h1>\n<p>Im einstigen Heuspeicher des Haubarg-Hofs Nooitgedacht sind 7 hochkomfortable G\u00e4stezimmer entstanden, die maximal 20 G\u00e4sten Platz bieten.<\/p>\n<div class= \"threeBoxes\">\n<article class= \"overnachten 1\">\n<img decoding=\"async\" src=\"https:\/\/www.nooitgedacht.info\/de\/wp-content\/uploads\/sites\/8\/2016\/08\/Appartement.png\" alt=\"Appartement\" \/><\/p>\n<h2>Appartement<\/h2>\n<p>Bei einem der Zimmer handelt es sich um ein Appartement mit eigenem Eingang<a href=\"https:\/\/www.nooitgedacht.info\/kamers\">mehr lesen&#8230;<\/a><\/p>\n<\/article>\n<article class= \"overnachten 2\">\n<img decoding=\"async\" src=\"https:\/\/www.nooitgedacht.info\/de\/wp-content\/uploads\/sites\/8\/2016\/08\/Kamers.png\" alt=\"Kamers\"  \/><\/p>\n<h2>Zimmer<\/h2>\n<p>Zimmer verf\u00fcgen \u00fcber allen erdenklichen Komfort: Bad, WC, Fernsehger\u00e4t, K\u00fchlschrank und kleinem K\u00fcchenblock f\u00fcr die Zubereitung von Kaffee oder Tee <a href=\"https:\/\/www.nooitgedacht.info\/kamers\">mehr lesen&#8230;<\/a><\/p>\n<\/article>\n<\/div>\n<\/div>\n<\/section>\n<section class=\"tussenstuk\">\n<div class=\"wrapper\">\n<div class=\"tripadvisor_experience\">\n<img loading=\"lazy\" decoding=\"async\" width=\"82\" height=\"56\" src=\"https:\/\/www.nooitgedacht.info\/de\/wp-content\/uploads\/sites\/8\/2016\/08\/logo_tripadvisor.png\" alt=\"logo_tripadvisor\" class=\"alignnone size-full wp-image-64\" \/><\/p>\n<h1>&#8220;Big room, good breakfast&#8221;<\/h1>\n<p>Alfred S | Meppel NL<\/p>\n<div class=\"experiencePoints\">\n<img loading=\"lazy\" decoding=\"async\" width=\"122\" height=\"29\" src=\"https:\/\/www.nooitgedacht.info\/de\/wp-content\/uploads\/sites\/8\/2016\/08\/rondjes.png\" alt=\"rondjes\" class=\"alignnone size-full wp-image-63\" \/>\n<\/div>\n<p><a href=\"https:\/\/www.tripadvisor.nl\/ShowUserReviews-g1087422-d4747790-r292535249-B_B_Nooitgedacht-Katwoude_North_Holland_Province.html#CHECK_RATES_CONT\" target=\"_blank\">Read the whole review at Tripadvisorr<\/a>\n<\/div>\n<\/div>\n<\/section>\n<section class=\"boerenbedrijf\" id=\"boerenbedrijf\">\n<div class=\"wrapper\">\n<div class=\"leftBox\">\n<h1>VIEHHALTUNG<\/h1>\n<p>Am Bauernhof der frei f\u00fcr unsere G\u00e4ste zug\u00e4nglich ist, entdecken Sie Fleischvieh und Schafe. Im Fr\u00fchjahr ist es hektisch, da die K\u00e4lber der Fleischk\u00fche und der saugenden L\u00e4mmer getragen werden. Der Plan des Stalles ist f\u00fcr Kinder verwendbar, so dass sie die K\u00e4lber und Saugenl\u00e4mmer streicheln k\u00f6nnen. Am Sommer gehen die K\u00fche, Rasse Piemontese, nach Naturbereichen des Zustandb\u00fcndelmanagements. Hier helfen sie beim Management, damit ein ausgezeichneter Wiese Vogelbereich entsteht. <\/p>\n<\/div>\n<div class=\"rightBox\">\n<div class=\"kaas\"><img loading=\"lazy\" decoding=\"async\" src=\"https:\/\/www.nooitgedacht.info\/de\/wp-content\/uploads\/sites\/8\/2016\/08\/Kaas.png\" alt=\"Kaas\" width=\"108\" height=\"102\" class=\"alignnone size-full wp-image-22\" \/><\/p>\n<p>Cheese<\/p>\n<\/div>\n<div class=\"melk\"><img loading=\"lazy\" decoding=\"async\" src=\"https:\/\/www.nooitgedacht.info\/de\/wp-content\/uploads\/sites\/8\/2016\/08\/Melk.png\" alt=\"Kaas\" width=\"108\" height=\"102\" class=\"alignnone size-full wp-image-22\" \/><\/p>\n<p>Milk<\/p>\n<\/div>\n<div class=\"eieren\"><img loading=\"lazy\" decoding=\"async\" src=\"https:\/\/www.nooitgedacht.info\/de\/wp-content\/uploads\/sites\/8\/2016\/08\/Eieren.png\" alt=\"Kaas\" width=\"108\" height=\"102\" class=\"alignnone size-full wp-image-22\" \/><\/p>\n<p>Eggs<\/p>\n<\/div>\n<div class=\"kalfjes\"><img loading=\"lazy\" decoding=\"async\" src=\"https:\/\/www.nooitgedacht.info\/de\/wp-content\/uploads\/sites\/8\/2016\/08\/Kalfjes.png\" alt=\"Kaas\" width=\"108\" height=\"102\" class=\"alignnone size-full wp-image-22\" \/><\/p>\n<p>Calves<\/p>\n<\/div>\n<div class=\"lammetjes\"><img loading=\"lazy\" decoding=\"async\" src=\"https:\/\/www.nooitgedacht.info\/de\/wp-content\/uploads\/sites\/8\/2016\/08\/Lammetjes.png\" alt=\"Kaas\" width=\"108\" height=\"102\" class=\"alignnone size-full wp-image-22\" \/><\/p>\n<p>Lambs<\/p>\n<\/div>\n<div class=\"weidevogels\"><img loading=\"lazy\" decoding=\"async\" src=\"https:\/\/www.nooitgedacht.info\/de\/wp-content\/uploads\/sites\/8\/2016\/08\/Weidevogels.png\" alt=\"Kaas\" width=\"108\" height=\"102\" class=\"alignnone size-full wp-image-22\" \/><\/p>\n<p>Meadow Birds<\/p>\n<\/div>\n<\/div>\n<\/div>\n<\/section>\n<section class=\"mogelijkheden\" id=\"mogelijkheden\">\n<div class=\"wrapper\">\n<h1>Possibilities<\/h1>\n<section class=\"parent\">\n<div class=\"image\"><img decoding=\"async\" src=\"https:\/\/www.nooitgedacht.info\/de\/wp-content\/uploads\/sites\/8\/2016\/08\/Wandelen.png\" alt=\"Wandelen\" \/><\/div>\n<div>\n<h2>Spazieren: &#8220;De Palingroute<\/h2>\n<p>De Palingroute (Aalweg) ist ein Weg um das alte Torf polder Katwoude und ist 14 Kilometer lang. Sie genie\u00dfen die Ansicht \u00fcber das IJsselmeer.<\/p>\n<p>Es ist ein Luxus, \u00fcber den Deich van Katwoude zu gehen.<\/p>\n<\/div>\n<\/section>\n<section class=\"parent\">\n<div class=\"image\"><img decoding=\"async\" src=\"https:\/\/www.nooitgedacht.info\/de\/wp-content\/uploads\/sites\/8\/2016\/08\/Omgeving.png\" alt=\"Omgeving\" \/><\/div>\n<div>\n<h2>Umgebung<\/h2>\n<p>Katwoude liegt eingekeilt zwischen Monnickendam und Volendam. Volendam ist f\u00fcr seinen Dike, traditionelles costum und alten maisonnettes auf dem Labyrinth Welt-ber\u00fchmt.<\/p>\n<\/div>\n<\/section>\n<section class=\"parent\">\n<div class=\"image\"><img decoding=\"async\" src=\"https:\/\/www.nooitgedacht.info\/en\/wp-content\/uploads\/sites\/9\/2016\/08\/Keukenhof.original.6040-Large.jpg\" alt=\"keukenhof\" \/><\/div>\n<div>\n<h2>Keukenhof<\/h2>\n<p>Many tourists who will come to Hoeve Nooitgedacht, will also visit the Keukenhof. Keukenhof\u2019s history dates back to the 15th century and in 1950 it was opened for the first time. Keukenhof has become a global understanding. As most beautiful spring garden in the world, it receives an annual one million visitors from over 100 countries a year. Book your tickets at: <a href=\"www.keukenhof.nl\" target=\"_blank\">www.keukenhof.nl<\/a> <\/p>\n<\/div>\n<\/section>\n<\/div>\n<\/section>\n","protected":false},"excerpt":{"rendered":"<p>WILKOMMEN AUF BED AND BREAKFAST HOF NOOITGEDACHT Hof Nooitgedacht ist der traditionelle Haubarg-Hof von Jan de Vries im typischen Fehnweidegebiet des Waterland. Der Name des Geh\u00f6fts geht auf die Familie de Vries zur\u00fcck, die diesen Haubarg bereits seit 90 Jahren bewirtschaftet. Inform about Nooitgedacht \u00dcbernachtung Im einstigen Heuspeicher des Haubarg-Hofs Nooitgedacht sind 7 hochkomfortable G\u00e4stezimmer &hellip; <a href=\"https:\/\/www.nooitgedacht.info\/de\/\" class=\"more-link\">Continue reading <span class=\"screen-reader-text\"><\/span> <span class=\"meta-nav\">&rarr;<\/span><\/a><\/p>\n","protected":false},"author":1,"featured_media":0,"parent":0,"menu_order":0,"comment_status":"closed","ping_status":"closed","template":"","meta":{"_acf_changed":false,"_exactmetrics_skip_tracking":false,"_exactmetrics_sitenote_active":false,"_exactmetrics_sitenote_note":"","_exactmetrics_sitenote_category":0,"footnotes":""},"class_list":["post-2","page","type-page","status-publish","hentry"],"acf":[],"_links":{"self":[{"href":"https:\/\/www.nooitgedacht.info\/de\/wp-json\/wp\/v2\/pages\/2","targetHints":{"allow":["GET"]}}],"collection":[{"href":"https:\/\/www.nooitgedacht.info\/de\/wp-json\/wp\/v2\/pages"}],"about":[{"href":"https:\/\/www.nooitgedacht.info\/de\/wp-json\/wp\/v2\/types\/page"}],"author":[{"embeddable":true,"href":"https:\/\/www.nooitgedacht.info\/de\/wp-json\/wp\/v2\/users\/1"}],"replies":[{"embeddable":true,"href":"https:\/\/www.nooitgedacht.info\/de\/wp-json\/wp\/v2\/comments?post=2"}],"version-history":[{"count":53,"href":"https:\/\/www.nooitgedacht.info\/de\/wp-json\/wp\/v2\/pages\/2\/revisions"}],"predecessor-version":[{"id":213,"href":"https:\/\/www.nooitgedacht.info\/de\/wp-json\/wp\/v2\/pages\/2\/revisions\/213"}],"wp:attachment":[{"href":"https:\/\/www.nooitgedacht.info\/de\/wp-json\/wp\/v2\/media?parent=2"}],"curies":[{"name":"wp","href":"https:\/\/api.w.org\/{rel}","templated":true}]}}