{"id":86,"date":"2016-09-01T10:52:59","date_gmt":"2016-09-01T08:52:59","guid":{"rendered":"https:\/\/www.nooitgedacht.info\/de\/?page_id=86"},"modified":"2016-09-15T13:44:48","modified_gmt":"2016-09-15T11:44:48","slug":"het-boerenbedrijf","status":"publish","type":"page","link":"https:\/\/www.nooitgedacht.info\/de\/het-boerenbedrijf\/","title":{"rendered":"Das Geh\u00f6ft"},"content":{"rendered":"<p>Am Bauernhof der frei f\u00fcr unsere G\u00e4ste zug\u00e4nglich ist, entdecken Sie Fleischvieh und Schafe.<\/p>\n<p>Im Fr\u00fchjahr ist es hektisch, da die K\u00e4lber der Fleischk\u00fche und der saugenden L\u00e4mmer getragen werden. Der Plan des Stalles ist f\u00fcr Kinder verwendbar, so dass sie die K\u00e4lber und Saugenl\u00e4mmer streicheln k\u00f6nnen.<\/p>\n<p>Am Sommer gehen die K\u00fche, Rasse Piemontese, nach Naturbereichen des Zustandb\u00fcndelmanagements. Hier helfen sie beim Management, damit ein ausgezeichneter Wiese Vogelbereich entsteht. <\/p>\n<div class=\"imageBox\"><img decoding=\"async\" class=\"jan\" src=\"https:\/\/www.nooitgedacht.info\/de\/wp-content\/uploads\/sites\/8\/2016\/09\/Jan.png\" alt=\"Jan\" \/><img decoding=\"async\" class=\"kalkoen\" src=\"https:\/\/www.nooitgedacht.info\/de\/wp-content\/uploads\/sites\/8\/2016\/09\/Kalkoen.png\" alt=\"Kalkoen\"  \/><img decoding=\"async\" class=\"landschap\" src=\"https:\/\/www.nooitgedacht.info\/de\/wp-content\/uploads\/sites\/8\/2016\/09\/Landschap.png\" alt=\"Landschap\" \/><\/div>\n<h1>WEIDEVOGELSCHUTZ &#8211; LANDWIRTSCHAFTLICHE NATURERHALTUNG<\/h1>\n<p>Als Mitglied des Agrarische Natuurverening Waterland nehmen wir auch am aktiven Wiese Vogelschutz in unseren eigenen Bereichen auch teil. Im Fr\u00fcjahr forschen wir mit einigen Freiwilligern die Nester der Wiese V\u00f6gel nach. Auf diese Weise werden diese gegen das M\u00e4hen und f\u00fcr die nosy K\u00fche in der Wiese gesch\u00fctzt.<\/p>\n<p>Waterland ist international f\u00fcr die reichen Bev\u00f6lkerung V\u00f6gel weithin bekannt gewesen, die dort leben. In der unz\u00e4hlbaren Ente bleiben die Arten und die G\u00e4nse hier als hibernates im Winter.<br \/>\nIm Sommer die Wiese V\u00f6gel sind ber\u00fchmt.<\/p>\n<p>Mittels eines kurzen Wegs von 10 Minuten sind Sie mitten in zwischen den benennenden Kiebitz und den Uferschnepfe.<\/p>\n","protected":false},"excerpt":{"rendered":"<p>Am Bauernhof der frei f\u00fcr unsere G\u00e4ste zug\u00e4nglich ist, entdecken Sie Fleischvieh und Schafe. Im Fr\u00fchjahr ist es hektisch, da die K\u00e4lber der Fleischk\u00fche und der saugenden L\u00e4mmer getragen werden. Der Plan des Stalles ist f\u00fcr Kinder verwendbar, so dass sie die K\u00e4lber und Saugenl\u00e4mmer streicheln k\u00f6nnen. Am Sommer gehen die K\u00fche, Rasse Piemontese, nach &hellip; <a href=\"https:\/\/www.nooitgedacht.info\/de\/het-boerenbedrijf\/\" class=\"more-link\">Continue reading <span class=\"screen-reader-text\">Das Geh\u00f6ft<\/span> <span class=\"meta-nav\">&rarr;<\/span><\/a><\/p>\n","protected":false},"author":1,"featured_media":0,"parent":0,"menu_order":0,"comment_status":"closed","ping_status":"closed","template":"","meta":{"_acf_changed":false,"_exactmetrics_skip_tracking":false,"_exactmetrics_sitenote_active":false,"_exactmetrics_sitenote_note":"","_exactmetrics_sitenote_category":0,"footnotes":""},"class_list":["post-86","page","type-page","status-publish","hentry"],"acf":[],"_links":{"self":[{"href":"https:\/\/www.nooitgedacht.info\/de\/wp-json\/wp\/v2\/pages\/86","targetHints":{"allow":["GET"]}}],"collection":[{"href":"https:\/\/www.nooitgedacht.info\/de\/wp-json\/wp\/v2\/pages"}],"about":[{"href":"https:\/\/www.nooitgedacht.info\/de\/wp-json\/wp\/v2\/types\/page"}],"author":[{"embeddable":true,"href":"https:\/\/www.nooitgedacht.info\/de\/wp-json\/wp\/v2\/users\/1"}],"replies":[{"embeddable":true,"href":"https:\/\/www.nooitgedacht.info\/de\/wp-json\/wp\/v2\/comments?post=86"}],"version-history":[{"count":8,"href":"https:\/\/www.nooitgedacht.info\/de\/wp-json\/wp\/v2\/pages\/86\/revisions"}],"predecessor-version":[{"id":206,"href":"https:\/\/www.nooitgedacht.info\/de\/wp-json\/wp\/v2\/pages\/86\/revisions\/206"}],"wp:attachment":[{"href":"https:\/\/www.nooitgedacht.info\/de\/wp-json\/wp\/v2\/media?parent=86"}],"curies":[{"name":"wp","href":"https:\/\/api.w.org\/{rel}","templated":true}]}}