{"id":106,"date":"2016-09-01T13:34:14","date_gmt":"2016-09-01T11:34:14","guid":{"rendered":"https:\/\/www.nooitgedacht.info\/fr\/?page_id=106"},"modified":"2016-09-15T14:06:24","modified_gmt":"2016-09-15T12:06:24","slug":"omgeving","status":"publish","type":"page","link":"https:\/\/www.nooitgedacht.info\/fr\/omgeving\/","title":{"rendered":"Les Environs"},"content":{"rendered":"<p>Katwoude se trouve entre Monnickendam et Volendam. <\/p>\n<p>Volendam est c\u00e9l\u00e8bre dans le monde entier pour sa digue, ses costumes r\u00e9gionaux et ses vieilles maisonnettes dans le labyrinthe. Vous pouvez prendre le bateau au port de Volendam pour aller \u00e0 Marken. On peut se promener sur cette \u00eele mangnifique.<\/p>\n<p>Monnickendam dispose d&#8217;un lieu de vacances magnifique au bord du lac IJsselmeer : le Hemmeland. Ici vous pouvez vous promener ou nager. On peur louer des bateaux.<\/p>\n<p>Amsterdam se trouve seulement \u00e0 15 km . Vous pouvez y visiter des mus\u00e9es diff\u00e9rentes ou visiter la ville en v\u00e9lo ou en v\u00e9lo d&#8217;eau, comme \u00e7a vous pouvez voir le vrai Amsterdam.<\/p>\n<p>Broek in Waterland et Edam \u00e7a vaut la peine de visiter les villages.<\/p>\n<h1>Waterland<\/h1>\n<p>La ferme Nooitgedacht se situe \u00e0 Waterland, non loin du Lac d&#8217;IJssel. Dans cette r\u00e9serve d&#8217;oiseaux des prairies vous verrez la barge, le vanneau, la pie de mer et de nombreux autres oiseaux. C&#8217;est un lieu id\u00e9al pour se promener, faire de la bicyclette, du cano\u00eb, ramer ou p\u00eacher. En hiver, c&#8217;est l&#8217;eldorado des patineurs.<\/p>\n<p>Un circuit cyclotouristique et p\u00e9destre sp\u00e9cialement con\u00e7u pour cette r\u00e9gion, est \u00e0 votre disposition. L&#8217;emplacement offre \u00e0 toute la famille un \u00e9ventail de mus\u00e9es \u00e0 proximit\u00e9 et autres divertissements. Le Lac d&#8217;IJssel est un lieu id\u00e9al pour les adeptes du sport nautique et l&#8217;un des bras du lac se trouve juste en face.<\/p>\n","protected":false},"excerpt":{"rendered":"<p>Katwoude se trouve entre Monnickendam et Volendam. Volendam est c\u00e9l\u00e8bre dans le monde entier pour sa digue, ses costumes r\u00e9gionaux et ses vieilles maisonnettes dans le labyrinthe. Vous pouvez prendre le bateau au port de Volendam pour aller \u00e0 Marken. On peut se promener sur cette \u00eele mangnifique. Monnickendam dispose d&#8217;un lieu de vacances magnifique &hellip; <a href=\"https:\/\/www.nooitgedacht.info\/fr\/omgeving\/\" class=\"more-link\">Continue reading <span class=\"screen-reader-text\">Les Environs<\/span> <span class=\"meta-nav\">&rarr;<\/span><\/a><\/p>\n","protected":false},"author":1,"featured_media":0,"parent":0,"menu_order":0,"comment_status":"closed","ping_status":"closed","template":"","meta":{"_acf_changed":false,"_exactmetrics_skip_tracking":false,"_exactmetrics_sitenote_active":false,"_exactmetrics_sitenote_note":"","_exactmetrics_sitenote_category":0,"footnotes":""},"class_list":["post-106","page","type-page","status-publish","hentry"],"acf":[],"_links":{"self":[{"href":"https:\/\/www.nooitgedacht.info\/fr\/wp-json\/wp\/v2\/pages\/106","targetHints":{"allow":["GET"]}}],"collection":[{"href":"https:\/\/www.nooitgedacht.info\/fr\/wp-json\/wp\/v2\/pages"}],"about":[{"href":"https:\/\/www.nooitgedacht.info\/fr\/wp-json\/wp\/v2\/types\/page"}],"author":[{"embeddable":true,"href":"https:\/\/www.nooitgedacht.info\/fr\/wp-json\/wp\/v2\/users\/1"}],"replies":[{"embeddable":true,"href":"https:\/\/www.nooitgedacht.info\/fr\/wp-json\/wp\/v2\/comments?post=106"}],"version-history":[{"count":3,"href":"https:\/\/www.nooitgedacht.info\/fr\/wp-json\/wp\/v2\/pages\/106\/revisions"}],"predecessor-version":[{"id":202,"href":"https:\/\/www.nooitgedacht.info\/fr\/wp-json\/wp\/v2\/pages\/106\/revisions\/202"}],"wp:attachment":[{"href":"https:\/\/www.nooitgedacht.info\/fr\/wp-json\/wp\/v2\/media?parent=106"}],"curies":[{"name":"wp","href":"https:\/\/api.w.org\/{rel}","templated":true}]}}