{"id":111,"date":"2016-09-01T13:38:24","date_gmt":"2016-09-01T11:38:24","guid":{"rendered":"https:\/\/www.nooitgedacht.info\/fr\/?page_id=111"},"modified":"2016-09-15T14:04:45","modified_gmt":"2016-09-15T12:04:45","slug":"kamers","status":"publish","type":"page","link":"https:\/\/www.nooitgedacht.info\/fr\/kamers\/","title":{"rendered":"Chambres"},"content":{"rendered":"<p>La ferme pyramidale Nooitgedacht comprend 7 chambres d&#8217;h\u00f4tes tr\u00e8s confortables (dans l&#8217;ancienne grange \u00e0 foin) qui offrent de la place \u00e0 20 invit\u00e9s maximum.<\/p>\n<p>Une des chambres consiste en un appartement avec sa propre porte d&#8217;entr\u00e9e, une salle de s\u00e9jour et chambre \u00e0 coucher de plain-pied, adapt\u00e9s aux personnes handicap\u00e9es ou personnes \u00e2g\u00e9es ayant du mal \u00e0 marcher et une chambre \u00e0 coucher \u00e0 part au premier \u00e9tage pour les enfants ou une \u00e9ventuelle assistante. Toutes les chambres jouissent de tout le confort n\u00e9cessaire : bain bouillonnant, toilettes, TV, r\u00e9frig\u00e9rateur et bloc-cuisine pour y pr\u00e9parer th\u00e9 ou caf\u00e9.<\/p>\n<p>Le matin, un d\u00e9licieux d\u00e9jeuner campagnard vous sera servi Pour ceux qui sont en voiture, une aire de stationnement est \u00e0 votre disposition.<\/p>\n<div class=\"carousel-slider-outer carousel-slider-outer-image-carousel carousel-slider-outer-189\" style=\"--carousel-slider-nav-color:#d6d6d6;--carousel-slider-active-nav-color:#4dc7a0;--carousel-slider-arrow-size:48px;--carousel-slider-bullet-size:10px\">\n<div id=\"&#039;id-189\" class=\"carousel-slider carousel-slider-189 arrows-visibility-hover dots-visibility-always arrows-outside dots-center dots-circle owl-carousel\" data-slide-type=\"image-carousel\" data-owl-settings='{\"nav\":true,\"dots\":true,\"slideBy\":1,\"stagePadding\":0,\"margin\":10,\"loop\":true,\"lazyLoad\":false,\"autoplay\":true,\"autoplayTimeout\":5000,\"autoplaySpeed\":500,\"autoplayHoverPause\":false,\"autoWidth\":false,\"responsive\":{\"300\":{\"items\":1},\"576\":{\"items\":2},\"768\":{\"items\":2},\"1024\":{\"items\":3},\"1280\":{\"items\":4},\"1536\":{\"items\":5}}}'>\n<div class=\"carousel-slider__item\">\n\t<img loading=\"lazy\" decoding=\"async\" width=\"604\" height=\"404\" src=\"https:\/\/www.nooitgedacht.info\/fr\/wp-content\/uploads\/sites\/10\/2016\/09\/Nooitgedacht36-768x514.jpg\" class=\"attachment-medium_large size-medium_large\" alt=\"\" srcset=\"https:\/\/www.nooitgedacht.info\/fr\/wp-content\/uploads\/sites\/10\/2016\/09\/Nooitgedacht36-768x514.jpg 768w, https:\/\/www.nooitgedacht.info\/fr\/wp-content\/uploads\/sites\/10\/2016\/09\/Nooitgedacht36-300x201.jpg 300w, https:\/\/www.nooitgedacht.info\/fr\/wp-content\/uploads\/sites\/10\/2016\/09\/Nooitgedacht36-1024x685.jpg 1024w\" sizes=\"auto, (max-width: 604px) 100vw, 604px\" \/><\/a><\/div>\n<div class=\"carousel-slider__item\">\n\t<img loading=\"lazy\" decoding=\"async\" width=\"604\" height=\"404\" src=\"https:\/\/www.nooitgedacht.info\/fr\/wp-content\/uploads\/sites\/10\/2016\/09\/Nooitgedacht44-768x514.jpg\" class=\"attachment-medium_large size-medium_large\" alt=\"\" srcset=\"https:\/\/www.nooitgedacht.info\/fr\/wp-content\/uploads\/sites\/10\/2016\/09\/Nooitgedacht44-768x514.jpg 768w, https:\/\/www.nooitgedacht.info\/fr\/wp-content\/uploads\/sites\/10\/2016\/09\/Nooitgedacht44-300x201.jpg 300w, https:\/\/www.nooitgedacht.info\/fr\/wp-content\/uploads\/sites\/10\/2016\/09\/Nooitgedacht44-1024x685.jpg 1024w\" sizes=\"auto, (max-width: 604px) 100vw, 604px\" \/><\/a><\/div>\n<div class=\"carousel-slider__item\">\n\t<img loading=\"lazy\" decoding=\"async\" width=\"604\" height=\"422\" src=\"https:\/\/www.nooitgedacht.info\/fr\/wp-content\/uploads\/sites\/10\/2016\/09\/Nooitgedacht24-768x537.jpg\" class=\"attachment-medium_large size-medium_large\" alt=\"\" srcset=\"https:\/\/www.nooitgedacht.info\/fr\/wp-content\/uploads\/sites\/10\/2016\/09\/Nooitgedacht24-768x537.jpg 768w, https:\/\/www.nooitgedacht.info\/fr\/wp-content\/uploads\/sites\/10\/2016\/09\/Nooitgedacht24-300x210.jpg 300w, https:\/\/www.nooitgedacht.info\/fr\/wp-content\/uploads\/sites\/10\/2016\/09\/Nooitgedacht24-1024x717.jpg 1024w\" sizes=\"auto, (max-width: 604px) 100vw, 604px\" \/><\/a><\/div>\n<div class=\"carousel-slider__item\">\n\t<img loading=\"lazy\" decoding=\"async\" width=\"604\" height=\"404\" src=\"https:\/\/www.nooitgedacht.info\/fr\/wp-content\/uploads\/sites\/10\/2016\/09\/Nooitgedacht43-768x514.jpg\" class=\"attachment-medium_large size-medium_large\" alt=\"\" srcset=\"https:\/\/www.nooitgedacht.info\/fr\/wp-content\/uploads\/sites\/10\/2016\/09\/Nooitgedacht43-768x514.jpg 768w, https:\/\/www.nooitgedacht.info\/fr\/wp-content\/uploads\/sites\/10\/2016\/09\/Nooitgedacht43-300x201.jpg 300w, https:\/\/www.nooitgedacht.info\/fr\/wp-content\/uploads\/sites\/10\/2016\/09\/Nooitgedacht43-1024x685.jpg 1024w\" sizes=\"auto, (max-width: 604px) 100vw, 604px\" \/><\/a><\/div>\n<div class=\"carousel-slider__item\">\n\t<img loading=\"lazy\" decoding=\"async\" width=\"604\" height=\"384\" src=\"https:\/\/www.nooitgedacht.info\/fr\/wp-content\/uploads\/sites\/10\/2016\/09\/Nooitgedacht45-768x488.jpg\" class=\"attachment-medium_large size-medium_large\" alt=\"\" srcset=\"https:\/\/www.nooitgedacht.info\/fr\/wp-content\/uploads\/sites\/10\/2016\/09\/Nooitgedacht45-768x488.jpg 768w, https:\/\/www.nooitgedacht.info\/fr\/wp-content\/uploads\/sites\/10\/2016\/09\/Nooitgedacht45-300x191.jpg 300w, https:\/\/www.nooitgedacht.info\/fr\/wp-content\/uploads\/sites\/10\/2016\/09\/Nooitgedacht45-1024x651.jpg 1024w\" sizes=\"auto, (max-width: 604px) 100vw, 604px\" \/><\/a><\/div>\n<div class=\"carousel-slider__item\">\n\t<img loading=\"lazy\" decoding=\"async\" width=\"604\" height=\"404\" src=\"https:\/\/www.nooitgedacht.info\/fr\/wp-content\/uploads\/sites\/10\/2016\/09\/Nooitgedacht55-768x514.jpg\" class=\"attachment-medium_large size-medium_large\" alt=\"\" srcset=\"https:\/\/www.nooitgedacht.info\/fr\/wp-content\/uploads\/sites\/10\/2016\/09\/Nooitgedacht55-768x514.jpg 768w, https:\/\/www.nooitgedacht.info\/fr\/wp-content\/uploads\/sites\/10\/2016\/09\/Nooitgedacht55-300x201.jpg 300w, https:\/\/www.nooitgedacht.info\/fr\/wp-content\/uploads\/sites\/10\/2016\/09\/Nooitgedacht55-1024x685.jpg 1024w\" sizes=\"auto, (max-width: 604px) 100vw, 604px\" \/><\/a><\/div>\n<div class=\"carousel-slider__item\">\n\t<img loading=\"lazy\" decoding=\"async\" width=\"604\" height=\"404\" src=\"https:\/\/www.nooitgedacht.info\/fr\/wp-content\/uploads\/sites\/10\/2016\/09\/Nooitgedacht42-768x514.jpg\" class=\"attachment-medium_large size-medium_large\" alt=\"\" srcset=\"https:\/\/www.nooitgedacht.info\/fr\/wp-content\/uploads\/sites\/10\/2016\/09\/Nooitgedacht42-768x514.jpg 768w, https:\/\/www.nooitgedacht.info\/fr\/wp-content\/uploads\/sites\/10\/2016\/09\/Nooitgedacht42-300x201.jpg 300w, https:\/\/www.nooitgedacht.info\/fr\/wp-content\/uploads\/sites\/10\/2016\/09\/Nooitgedacht42-1024x685.jpg 1024w\" sizes=\"auto, (max-width: 604px) 100vw, 604px\" \/><\/a><\/div>\n<\/div>\n<p><!-- .carousel-slider-189 -->\n<\/div>\n<p><!-- .carousel-slider-outer-189 --><\/p>\n","protected":false},"excerpt":{"rendered":"<p>La ferme pyramidale Nooitgedacht comprend 7 chambres d&#8217;h\u00f4tes tr\u00e8s confortables (dans l&#8217;ancienne grange \u00e0 foin) qui offrent de la place \u00e0 20 invit\u00e9s maximum. Une des chambres consiste en un appartement avec sa propre porte d&#8217;entr\u00e9e, une salle de s\u00e9jour et chambre \u00e0 coucher de plain-pied, adapt\u00e9s aux personnes handicap\u00e9es ou personnes \u00e2g\u00e9es ayant du &hellip; <a href=\"https:\/\/www.nooitgedacht.info\/fr\/kamers\/\" class=\"more-link\">Continue reading <span class=\"screen-reader-text\">Chambres<\/span> <span class=\"meta-nav\">&rarr;<\/span><\/a><\/p>\n","protected":false},"author":1,"featured_media":0,"parent":0,"menu_order":0,"comment_status":"closed","ping_status":"closed","template":"","meta":{"_acf_changed":false,"_exactmetrics_skip_tracking":false,"_exactmetrics_sitenote_active":false,"_exactmetrics_sitenote_note":"","_exactmetrics_sitenote_category":0,"footnotes":""},"class_list":["post-111","page","type-page","status-publish","hentry"],"acf":[],"_links":{"self":[{"href":"https:\/\/www.nooitgedacht.info\/fr\/wp-json\/wp\/v2\/pages\/111","targetHints":{"allow":["GET"]}}],"collection":[{"href":"https:\/\/www.nooitgedacht.info\/fr\/wp-json\/wp\/v2\/pages"}],"about":[{"href":"https:\/\/www.nooitgedacht.info\/fr\/wp-json\/wp\/v2\/types\/page"}],"author":[{"embeddable":true,"href":"https:\/\/www.nooitgedacht.info\/fr\/wp-json\/wp\/v2\/users\/1"}],"replies":[{"embeddable":true,"href":"https:\/\/www.nooitgedacht.info\/fr\/wp-json\/wp\/v2\/comments?post=111"}],"version-history":[{"count":20,"href":"https:\/\/www.nooitgedacht.info\/fr\/wp-json\/wp\/v2\/pages\/111\/revisions"}],"predecessor-version":[{"id":200,"href":"https:\/\/www.nooitgedacht.info\/fr\/wp-json\/wp\/v2\/pages\/111\/revisions\/200"}],"wp:attachment":[{"href":"https:\/\/www.nooitgedacht.info\/fr\/wp-json\/wp\/v2\/media?parent=111"}],"curies":[{"name":"wp","href":"https:\/\/api.w.org\/{rel}","templated":true}]}}