{"id":2,"date":"2016-08-23T09:24:31","date_gmt":"2016-08-23T07:24:31","guid":{"rendered":"https:\/\/www.nooitgedacht.info\/fr\/?page_id=2"},"modified":"2016-12-19T08:55:51","modified_gmt":"2016-12-19T07:55:51","slug":"voorbeeld-pagina","status":"publish","type":"page","link":"https:\/\/www.nooitgedacht.info\/fr\/","title":{"rendered":""},"content":{"rendered":"<section class=\"intro wrapper\">\n<div class=\"leftBox\">\n<img decoding=\"async\" src=\"https:\/\/www.nooitgedacht.info\/fr\/wp-content\/uploads\/sites\/10\/2016\/08\/Img_left.png\" alt=\"Img_left\"  \/>\n<\/div>\n<div class=\"rightBox\">\n<h1>BIENVENUE \u00c0 BED AND BREAKFAST NOOITGEDACHT<\/h1>\n<p>Nooitgedacht est la ferme pyramidale traditionnelle de Jan de Vries qui se situe dans la Veenweidegebied (r\u00e9gion aux prairies tourbeuses) typique de Waterland. La ferme doit son nom \u00e0 la famille de Vries qui depuis 90 ans y est active.\n<\/p>\n<div class=\"button informeer\"><a href=\"#contact\">Inform about Nooitgedacht<\/a><\/div>\n<\/div>\n<\/section>\n<section class=\"overnachten\" id=\"overnachten\">\n<div class=\"wrapper\">\n<h1>Sommeil<\/h1>\n<p>La ferme pyramidale Nooitgedacht comprend 7 chambres d&#8217;h\u00f4tes tr\u00e8s confortables (dans l&#8217;ancienne grange \u00e0 foin) qui offrent de la place \u00e0 20 invit\u00e9s maximum.<\/p>\n<div class= \"threeBoxes\">\n<article class= \"overnachten 1\">\n<img decoding=\"async\" src=\"https:\/\/www.nooitgedacht.info\/fr\/wp-content\/uploads\/sites\/10\/2016\/08\/Appartement.png\" alt=\"Appartement\" \/><\/p>\n<h2>Appartement<\/h2>\n<p>Une des chambres consiste en un appartement avec sa propre porte d&#8217;entr\u00e9e, une salle de s\u00e9jour et chambre \u00e0 coucher de plain-pied, adapt\u00e9s aux personnes handicap\u00e9es ou personnes \u00e2g\u00e9es ayant  <a href=\"https:\/\/www.nooitgedacht.info\/kamers\">more&#8230;<\/a><\/p>\n<\/article>\n<article class= \"overnachten 2\">\n<img decoding=\"async\" src=\"https:\/\/www.nooitgedacht.info\/fr\/wp-content\/uploads\/sites\/10\/2016\/08\/Kamers.png\" alt=\"Kamers\"  \/><\/p>\n<h2>Chambres<\/h2>\n<p> Toutes les chambres jouissent de tout le confort n\u00e9cessaire : bain bouillonnant, toilettes, TV, r\u00e9frig\u00e9rateur et bloc-cuisine pour y pr\u00e9parer th\u00e9 ou caf\u00e9 <a href=\"https:\/\/www.nooitgedacht.info\/kamers\">more&#8230;<\/a><\/p>\n<\/article>\n<\/div>\n<\/div>\n<\/section>\n<section class=\"tussenstuk\">\n<div class=\"wrapper\">\n<div class=\"tripadvisor_experience\">\n<img loading=\"lazy\" decoding=\"async\" width=\"82\" height=\"56\" src=\"https:\/\/www.nooitgedacht.info\/fr\/wp-content\/uploads\/sites\/10\/2016\/08\/logo_tripadvisor.png\" alt=\"logo_tripadvisor\" class=\"alignnone size-full wp-image-64\" \/><\/p>\n<h1>&#8220;Big room, good breakfast&#8221;<\/h1>\n<p>Alfred S | Meppel NL<\/p>\n<div class=\"experiencePoints\">\n<img loading=\"lazy\" decoding=\"async\" width=\"122\" height=\"29\" src=\"https:\/\/www.nooitgedacht.info\/fr\/wp-content\/uploads\/sites\/10\/2016\/08\/rondjes.png\" alt=\"rondjes\" class=\"alignnone size-full wp-image-63\" \/>\n<\/div>\n<p><a href=\"https:\/\/www.tripadvisor.nl\/ShowUserReviews-g1087422-d4747790-r292535249-B_B_Nooitgedacht-Katwoude_North_Holland_Province.html#CHECK_RATES_CONT\" target=\"_blank\">Read the whole review at Tripadvisor<\/a>\n<\/div>\n<\/div>\n<\/section>\n<section class=\"boerenbedrijf\" id=\"boerenbedrijf\">\n<div class=\"wrapper\">\n<div class=\"leftBox\">\n<h1>La Ferme<\/h1>\n<p>A la ferme, qui est enti\u00e8rement accessible pour les h\u00f4tes vous trouvez \u00e0 c\u00f4t\u00e9 du b\u00e9tail viande et des moutons. Au printemps, il y a un remue-m\u00e9nage, quand les veaux et les agnelets sont n\u00e9s. Il est possible pour vous de caresser les veaux et les agnelets. En \u00e9t\u00e9 , les vaches de b\u00e9tail, les raches Piemontese, vont aux terrains des Eaux et For\u00eats. Elles aident \u00e0 cr\u00e9er un terrain id\u00e9al pour les oiseaux qui habitent \u00e0 Waterland.<\/p>\n<\/div>\n<div class=\"rightBox\">\n<div class=\"kaas\"><img loading=\"lazy\" decoding=\"async\" src=\"https:\/\/www.nooitgedacht.info\/fr\/wp-content\/uploads\/sites\/10\/2016\/08\/Kaas.png\" alt=\"Kaas\" width=\"108\" height=\"102\" class=\"alignnone size-full wp-image-22\" \/><\/p>\n<p>Cheese<\/p>\n<\/div>\n<div class=\"melk\"><img loading=\"lazy\" decoding=\"async\" src=\"https:\/\/www.nooitgedacht.info\/fr\/wp-content\/uploads\/sites\/10\/2016\/08\/Melk.png\" alt=\"Kaas\" width=\"108\" height=\"102\" class=\"alignnone size-full wp-image-22\" \/><\/p>\n<p>Milk<\/p>\n<\/div>\n<div class=\"eieren\"><img loading=\"lazy\" decoding=\"async\" src=\"https:\/\/www.nooitgedacht.info\/fr\/wp-content\/uploads\/sites\/10\/2016\/08\/Eieren.png\" alt=\"Kaas\" width=\"108\" height=\"102\" class=\"alignnone size-full wp-image-22\" \/><\/p>\n<p>Eggs<\/p>\n<\/div>\n<div class=\"kalfjes\"><img loading=\"lazy\" decoding=\"async\" src=\"https:\/\/www.nooitgedacht.info\/fr\/wp-content\/uploads\/sites\/10\/2016\/08\/Kalfjes.png\" alt=\"Kaas\" width=\"108\" height=\"102\" class=\"alignnone size-full wp-image-22\" \/><\/p>\n<p>Calves<\/p>\n<\/div>\n<div class=\"lammetjes\"><img loading=\"lazy\" decoding=\"async\" src=\"https:\/\/www.nooitgedacht.info\/fr\/wp-content\/uploads\/sites\/10\/2016\/08\/Lammetjes.png\" alt=\"Kaas\" width=\"108\" height=\"102\" class=\"alignnone size-full wp-image-22\" \/><\/p>\n<p>Lambs<\/p>\n<\/div>\n<div class=\"weidevogels\"><img loading=\"lazy\" decoding=\"async\" src=\"https:\/\/www.nooitgedacht.info\/fr\/wp-content\/uploads\/sites\/10\/2016\/08\/Weidevogels.png\" alt=\"Kaas\" width=\"108\" height=\"102\" class=\"alignnone size-full wp-image-22\" \/><\/p>\n<p>Meadow Birds<\/p>\n<\/div>\n<\/div>\n<\/div>\n<\/section>\n<section class=\"mogelijkheden\" id=\"mogelijkheden\">\n<div class=\"wrapper\">\n<h1>Possibilities<\/h1>\n<section class=\"parent\">\n<div class=\"image\"><img decoding=\"async\" src=\"https:\/\/www.nooitgedacht.info\/fr\/wp-content\/uploads\/sites\/10\/2016\/08\/Wandelen.png\" alt=\"Wandelen\" \/><\/div>\n<div>\n<h2>La Randonee: &#8220;De Palingroute&#8221;<\/h2>\n<p>De Palingroute (route d&#8217;anguille) est une promenade autour du vieux polder de tourbe Katwoude. C&#8217;est 14 kilom\u00e8tres. <\/p>\n<\/div>\n<\/section>\n<section class=\"parent\">\n<div class=\"image\"><img decoding=\"async\" src=\"https:\/\/www.nooitgedacht.info\/fr\/wp-content\/uploads\/sites\/10\/2016\/08\/Omgeving.png\" alt=\"Omgeving\" \/><\/div>\n<div>\n<h2>Curiosit\u00e9s<\/h2>\n<p>Katwoude se trouve entre Monnickendam et Volendam. <\/p>\n<p>Volendam est c\u00e9l\u00e8bre dans le monde entier pour sa digue, ses costumes r\u00e9gionaux et ses vieilles maisonnettes dans le labyrinthe.<\/p>\n<\/div>\n<\/section>\n<section class=\"parent\">\n<div class=\"image\"><img decoding=\"async\" src=\"https:\/\/www.nooitgedacht.info\/en\/wp-content\/uploads\/sites\/9\/2016\/08\/Keukenhof.original.6040-Large.jpg\" alt=\"keukenhof\" \/><\/div>\n<div>\n<h2>Keukenhof<\/h2>\n<p>Many tourists who will come to Hoeve Nooitgedacht, will also visit the Keukenhof. Keukenhof\u2019s history dates back to the 15th century and in 1950 it was opened for the first time. Keukenhof has become a global understanding. As most beautiful spring garden in the world, it receives an annual one million visitors from over 100 countries a year. Book your tickets at: <a href=\"www.keukenhof.nl\" target=\"_blank\">www.keukenhof.nl<\/a> <\/p>\n<\/div>\n<\/section>\n<\/div>\n<\/section>\n","protected":false},"excerpt":{"rendered":"<p>BIENVENUE \u00c0 BED AND BREAKFAST NOOITGEDACHT Nooitgedacht est la ferme pyramidale traditionnelle de Jan de Vries qui se situe dans la Veenweidegebied (r\u00e9gion aux prairies tourbeuses) typique de Waterland. La ferme doit son nom \u00e0 la famille de Vries qui depuis 90 ans y est active. Inform about Nooitgedacht Sommeil La ferme pyramidale Nooitgedacht comprend &hellip; <a href=\"https:\/\/www.nooitgedacht.info\/fr\/\" class=\"more-link\">Continue reading <span class=\"screen-reader-text\"><\/span> <span class=\"meta-nav\">&rarr;<\/span><\/a><\/p>\n","protected":false},"author":1,"featured_media":0,"parent":0,"menu_order":0,"comment_status":"closed","ping_status":"closed","template":"","meta":{"_acf_changed":false,"_exactmetrics_skip_tracking":false,"_exactmetrics_sitenote_active":false,"_exactmetrics_sitenote_note":"","_exactmetrics_sitenote_category":0,"footnotes":""},"class_list":["post-2","page","type-page","status-publish","hentry"],"acf":[],"_links":{"self":[{"href":"https:\/\/www.nooitgedacht.info\/fr\/wp-json\/wp\/v2\/pages\/2","targetHints":{"allow":["GET"]}}],"collection":[{"href":"https:\/\/www.nooitgedacht.info\/fr\/wp-json\/wp\/v2\/pages"}],"about":[{"href":"https:\/\/www.nooitgedacht.info\/fr\/wp-json\/wp\/v2\/types\/page"}],"author":[{"embeddable":true,"href":"https:\/\/www.nooitgedacht.info\/fr\/wp-json\/wp\/v2\/users\/1"}],"replies":[{"embeddable":true,"href":"https:\/\/www.nooitgedacht.info\/fr\/wp-json\/wp\/v2\/comments?post=2"}],"version-history":[{"count":49,"href":"https:\/\/www.nooitgedacht.info\/fr\/wp-json\/wp\/v2\/pages\/2\/revisions"}],"predecessor-version":[{"id":206,"href":"https:\/\/www.nooitgedacht.info\/fr\/wp-json\/wp\/v2\/pages\/2\/revisions\/206"}],"wp:attachment":[{"href":"https:\/\/www.nooitgedacht.info\/fr\/wp-json\/wp\/v2\/media?parent=2"}],"curies":[{"name":"wp","href":"https:\/\/api.w.org\/{rel}","templated":true}]}}