{"id":86,"date":"2016-09-01T10:52:59","date_gmt":"2016-09-01T08:52:59","guid":{"rendered":"https:\/\/www.nooitgedacht.info\/fr\/?page_id=86"},"modified":"2016-09-15T14:05:40","modified_gmt":"2016-09-15T12:05:40","slug":"het-boerenbedrijf","status":"publish","type":"page","link":"https:\/\/www.nooitgedacht.info\/fr\/het-boerenbedrijf\/","title":{"rendered":"La Ferme"},"content":{"rendered":"<p>A la ferme, qui est enti\u00e8rement accessible pour les h\u00f4tes vous trouvez \u00e0 c\u00f4t\u00e9 du b\u00e9tail viande et des moutons.<\/p>\n<p>Au printemps, il y a un remue-m\u00e9nage, quand les veaux et les agnelets sont n\u00e9s. Il est possible pour vous de caresser les veaux et les agnelets.<\/p>\n<p>En \u00e9t\u00e9 , les vaches de b\u00e9tail, les raches Piemontese, vont aux terrains des Eaux et For\u00eats. Elles aident \u00e0 cr\u00e9er un terrain id\u00e9al pour les oiseaux qui habitent \u00e0 Waterland.<\/p>\n<div class=\"imageBox\"><img decoding=\"async\" class=\"jan\" src=\"https:\/\/www.nooitgedacht.info\/fr\/wp-content\/uploads\/sites\/10\/2016\/09\/Jan.png\" alt=\"Jan\" \/><img decoding=\"async\" class=\"kalkoen\" src=\"https:\/\/www.nooitgedacht.info\/fr\/wp-content\/uploads\/sites\/10\/2016\/09\/Kalkoen.png\" alt=\"Kalkoen\"  \/><img decoding=\"async\" class=\"landschap\" src=\"https:\/\/www.nooitgedacht.info\/fr\/wp-content\/uploads\/sites\/10\/2016\/09\/Landschap.png\" alt=\"Landschap\" \/><\/div>\n<h1>LA PROTECTION DES OISEAUX &#8211; LA PR\u00c9SERVATION DE LA NATURE AGRICOLE<\/h1>\n<p>Parce qu&#8217; on est membre de l&#8217; assocation de la nature agricole, nous aussi sommes tr\u00e8s actifs pour prot\u00e9ger les oiseaux. Au printemps, nous cherchons avec quelques volontairs les nids des oiseaux. On les prot\u00e8ge contre les vaches curieuses et les faucheuses.<\/p>\n<p>La r\u00e9gion Waterland est connu la population oiseaux. En hiver il y a beaucoup de sortes de canard et de l&#8217; oies comme hivernants.<\/p>\n<p>Apr\u00e8s une promenade de 10 minutes vous vous trouvez au milieu des oiseaux.<\/p>\n","protected":false},"excerpt":{"rendered":"<p>A la ferme, qui est enti\u00e8rement accessible pour les h\u00f4tes vous trouvez \u00e0 c\u00f4t\u00e9 du b\u00e9tail viande et des moutons. Au printemps, il y a un remue-m\u00e9nage, quand les veaux et les agnelets sont n\u00e9s. Il est possible pour vous de caresser les veaux et les agnelets. En \u00e9t\u00e9 , les vaches de b\u00e9tail, les &hellip; <a href=\"https:\/\/www.nooitgedacht.info\/fr\/het-boerenbedrijf\/\" class=\"more-link\">Continue reading <span class=\"screen-reader-text\">La Ferme<\/span> <span class=\"meta-nav\">&rarr;<\/span><\/a><\/p>\n","protected":false},"author":1,"featured_media":0,"parent":0,"menu_order":0,"comment_status":"closed","ping_status":"closed","template":"","meta":{"_acf_changed":false,"_exactmetrics_skip_tracking":false,"_exactmetrics_sitenote_active":false,"_exactmetrics_sitenote_note":"","_exactmetrics_sitenote_category":0,"footnotes":""},"class_list":["post-86","page","type-page","status-publish","hentry"],"acf":[],"_links":{"self":[{"href":"https:\/\/www.nooitgedacht.info\/fr\/wp-json\/wp\/v2\/pages\/86","targetHints":{"allow":["GET"]}}],"collection":[{"href":"https:\/\/www.nooitgedacht.info\/fr\/wp-json\/wp\/v2\/pages"}],"about":[{"href":"https:\/\/www.nooitgedacht.info\/fr\/wp-json\/wp\/v2\/types\/page"}],"author":[{"embeddable":true,"href":"https:\/\/www.nooitgedacht.info\/fr\/wp-json\/wp\/v2\/users\/1"}],"replies":[{"embeddable":true,"href":"https:\/\/www.nooitgedacht.info\/fr\/wp-json\/wp\/v2\/comments?post=86"}],"version-history":[{"count":7,"href":"https:\/\/www.nooitgedacht.info\/fr\/wp-json\/wp\/v2\/pages\/86\/revisions"}],"predecessor-version":[{"id":201,"href":"https:\/\/www.nooitgedacht.info\/fr\/wp-json\/wp\/v2\/pages\/86\/revisions\/201"}],"wp:attachment":[{"href":"https:\/\/www.nooitgedacht.info\/fr\/wp-json\/wp\/v2\/media?parent=86"}],"curies":[{"name":"wp","href":"https:\/\/api.w.org\/{rel}","templated":true}]}}