{"id":2,"date":"2016-08-23T09:24:31","date_gmt":"2016-08-23T07:24:31","guid":{"rendered":"https:\/\/www.nooitgedacht.info\/it\/?page_id=2"},"modified":"2016-12-19T08:55:22","modified_gmt":"2016-12-19T07:55:22","slug":"voorbeeld-pagina","status":"publish","type":"page","link":"https:\/\/www.nooitgedacht.info\/it\/","title":{"rendered":""},"content":{"rendered":"<section class=\"intro wrapper\">\n<div class=\"leftBox\">\n<img decoding=\"async\" src=\"https:\/\/www.nooitgedacht.info\/it\/wp-content\/uploads\/sites\/6\/2016\/08\/Img_left.png\" alt=\"Img_left\"  \/>\n<\/div>\n<div class=\"rightBox\">\n<h1>Benvenuti a bed and breakfast Nooitgedacht<\/h1>\n<p>Nooitgedacht \u00e8 la fattoria piramidale tradizionale di Jan de Vries, che \u00e8 situata nella Veenweidegebied (regione ai prati torbosi) tipico di Waterland. La fattoria deve il suo nome alla famiglia De Vries che ne \u00e8 attiva gi\u00e0 da 90 anni.\n<\/p>\n<div class=\"button informeer\"><a href=\"#contact\">Informarsi senza impegno<\/a><\/div>\n<\/div>\n<\/section>\n<section class=\"overnachten\" id=\"overnachten\">\n<div class=\"wrapper\">\n<h1>Per una notte<\/h1>\n<p>Nella fattoria piramidale Nooitgedacht ci sono 7 camere per ospiti molto confortevoli (nel vecchio fienile), che offrono posto per massimo 20 ospiti.<\/p>\n<div class= \"threeBoxes\">\n<article class= \"overnachten 1\">\n<img decoding=\"async\" src=\"https:\/\/www.nooitgedacht.info\/it\/wp-content\/uploads\/sites\/6\/2016\/08\/Appartement.png\" alt=\"Appartement\" \/><\/p>\n<h2>Appartamento<\/h2>\n<p>Una delle camere consiste in un appartamento con la propria entrata, un soggiorno e una camera da letto a piano terra, adattato alle persone disabili <a href=\"https:\/\/www.nooitgedacht.info\/it\/kamers\"> pi\u00f9&#8230;<\/a><\/p>\n<\/article>\n<article class= \"overnachten 2\">\n<img decoding=\"async\" src=\"https:\/\/www.nooitgedacht.info\/it\/wp-content\/uploads\/sites\/6\/2016\/08\/Kamers.png\" alt=\"Kamers\"  \/><\/p>\n<h2>Le Camere<\/h2>\n<p> Tutte le camere sono dotate di tutte le comodit\u00e0 necessarie: vasca da bagno, toilette, TV, frigorifero e un angolo cottura per fare il t\u00e8 o il caff\u00e8.<a href=\"https:\/\/www.nooitgedacht.info\/it\/kamers\"><br \/>\n pi\u00f9&#8230;<\/a><\/p>\n<\/article>\n<\/div>\n<\/div>\n<\/section>\n<section class=\"tussenstuk\">\n<div class=\"wrapper\">\n<div class=\"tripadvisor_experience\">\n<img loading=\"lazy\" decoding=\"async\" width=\"82\" height=\"56\" src=\"https:\/\/www.nooitgedacht.info\/it\/wp-content\/uploads\/sites\/6\/2016\/08\/logo_tripadvisor.png\" alt=\"logo_tripadvisor\" class=\"alignnone size-full wp-image-64\" \/><\/p>\n<h1>&#8220;Big room, great breakfast&#8221;<\/h1>\n<p>Alfred S | Meppel NL<\/p>\n<div class=\"experiencePoints\">\n<img loading=\"lazy\" decoding=\"async\" width=\"122\" height=\"29\" src=\"https:\/\/www.nooitgedacht.info\/it\/wp-content\/uploads\/sites\/6\/2016\/08\/rondjes.png\" alt=\"rondjes\" class=\"alignnone size-full wp-image-63\" \/>\n<\/div>\n<p><a href=\"https:\/\/www.tripadvisor.nl\/ShowUserReviews-g1087422-d4747790-r292535249-B_B_Nooitgedacht-Katwoude_North_Holland_Province.html#CHECK_RATES_CONT\" target=\"_blank\">Read the whole review at Tripadvisor<\/a>\n<\/div>\n<\/div>\n<\/section>\n<section class=\"boerenbedrijf\" id=\"boerenbedrijf\">\n<div class=\"wrapper\">\n<div class=\"leftBox\">\n<h1>ALLEVAMENTO DI BESTIAME<\/h1>\n<p>Alla fattoria, che \u00e8 interamente accessibile per gli ospiti, trovate oltre il bestiame bovino e le pecore. In primavera c\u2019\u00e8 un gran trambusto, quando nascono i vitelli e gli agnelli. E\u2019 possibile per voi e per i bambini di entrare nelle stalle ed accarezzare i vitelli e gli agnelli. L\u2019estate, le mucche di bestiame, di razza piemontese, vanno ai terreni del Corpo Forestale. Qui aiutano a creare un terreno ideale per gli uccelli che vivono in Waterland.<\/p>\n<\/div>\n<div class=\"rightBox\">\n<div class=\"kaas\"><img loading=\"lazy\" decoding=\"async\" src=\"https:\/\/www.nooitgedacht.info\/it\/wp-content\/uploads\/sites\/6\/2016\/08\/Kaas.png\" alt=\"Kaas\" width=\"108\" height=\"102\" class=\"alignnone size-full wp-image-22\" \/><\/p>\n<p>Formaggio<\/p>\n<\/div>\n<div class=\"melk\"><img loading=\"lazy\" decoding=\"async\" src=\"https:\/\/www.nooitgedacht.info\/it\/wp-content\/uploads\/sites\/6\/2016\/08\/Melk.png\" alt=\"Kaas\" width=\"108\" height=\"102\" class=\"alignnone size-full wp-image-22\" \/><\/p>\n<p>Latte<\/p>\n<\/div>\n<div class=\"eieren\"><img loading=\"lazy\" decoding=\"async\" src=\"https:\/\/www.nooitgedacht.info\/it\/wp-content\/uploads\/sites\/6\/2016\/08\/Eieren.png\" alt=\"Kaas\" width=\"108\" height=\"102\" class=\"alignnone size-full wp-image-22\" \/><\/p>\n<p>Uova<\/p>\n<\/div>\n<div class=\"kalfjes\"><img loading=\"lazy\" decoding=\"async\" src=\"https:\/\/www.nooitgedacht.info\/it\/wp-content\/uploads\/sites\/6\/2016\/08\/Kalfjes.png\" alt=\"Kaas\" width=\"108\" height=\"102\" class=\"alignnone size-full wp-image-22\" \/><\/p>\n<p>Calves<\/p>\n<\/div>\n<div class=\"lammetjes\"><img loading=\"lazy\" decoding=\"async\" src=\"https:\/\/www.nooitgedacht.info\/it\/wp-content\/uploads\/sites\/6\/2016\/08\/Lammetjes.png\" alt=\"Kaas\" width=\"108\" height=\"102\" class=\"alignnone size-full wp-image-22\" \/><\/p>\n<p>Lambs<\/p>\n<\/div>\n<div class=\"weidevogels\"><img loading=\"lazy\" decoding=\"async\" src=\"https:\/\/www.nooitgedacht.info\/it\/wp-content\/uploads\/sites\/6\/2016\/08\/Weidevogels.png\" alt=\"Kaas\" width=\"108\" height=\"102\" class=\"alignnone size-full wp-image-22\" \/><\/p>\n<p>Meadow Birds<\/p>\n<\/div>\n<\/div>\n<\/div>\n<\/section>\n<section class=\"mogelijkheden\" id=\"mogelijkheden\">\n<div class=\"wrapper\">\n<h1>Opzioni<\/h1>\n<section class=\"parent\">\n<div class=\"image\"><img decoding=\"async\" src=\"https:\/\/www.nooitgedacht.info\/it\/wp-content\/uploads\/sites\/6\/2016\/08\/Wandelen.png\" alt=\"Wandelen\" \/><\/div>\n<div>\n<h2>Passeggiare: De Palingroute&#8221;<\/h2>\n<p>De Palingroute (il percorso delle anguille) \u00e8 una passeggiata intorno al polder torboso Katwoude. Sono 14 chilometri. <\/p>\n<p>Amerete il paesaggio e la vista sull\u2019IJselmeer.<\/p>\n<\/div>\n<\/section>\n<section class=\"parent\">\n<div class=\"image\"><img decoding=\"async\" src=\"https:\/\/www.nooitgedacht.info\/it\/wp-content\/uploads\/sites\/6\/2016\/08\/Omgeving.png\" alt=\"Omgeving\" \/><\/div>\n<div>\n<h2>Attrazioni<\/h2>\n<p>Katwoude si trova fra Monnickendam e Volendam.<\/p>\n<p>Volendam \u00e8 conosciuto in tutto il mondo per la sua diga, i suoi costumi regionali, le vecchie casette nel labirinto. Potete prendere il traghetto al porto di Volendam per andare a Marken per passeggiare su questa isola magnifica.!<\/p>\n<\/div>\n<\/section>\n<section class=\"parent\">\n<div class=\"image\"><img decoding=\"async\" src=\"https:\/\/www.nooitgedacht.info\/en\/wp-content\/uploads\/sites\/9\/2016\/08\/Keukenhof.original.6040-Large.jpg\" alt=\"keukenhof\" \/><\/div>\n<div>\n<h2>Keukenhof<\/h2>\n<p>Many tourists who will come to Hoeve Nooitgedacht, will also visit the Keukenhof. Keukenhof\u2019s history dates back to the 15th century and in 1950 it was opened for the first time. Keukenhof has become a global understanding. As most beautiful spring garden in the world, it receives an annual one million visitors from over 100 countries a year. Book your tickets at: <a href=\"www.keukenhof.nl\" target=\"_blank\">www.keukenhof.nl<\/a> <\/p>\n<\/div>\n<\/section>\n<\/div>\n<\/section>\n","protected":false},"excerpt":{"rendered":"<p>Benvenuti a bed and breakfast Nooitgedacht Nooitgedacht \u00e8 la fattoria piramidale tradizionale di Jan de Vries, che \u00e8 situata nella Veenweidegebied (regione ai prati torbosi) tipico di Waterland. La fattoria deve il suo nome alla famiglia De Vries che ne \u00e8 attiva gi\u00e0 da 90 anni. Informarsi senza impegno Per una notte Nella fattoria piramidale &hellip; <a href=\"https:\/\/www.nooitgedacht.info\/it\/\" class=\"more-link\">Continue reading <span class=\"screen-reader-text\"><\/span> <span class=\"meta-nav\">&rarr;<\/span><\/a><\/p>\n","protected":false},"author":1,"featured_media":0,"parent":0,"menu_order":0,"comment_status":"closed","ping_status":"closed","template":"","meta":{"_acf_changed":false,"_exactmetrics_skip_tracking":false,"_exactmetrics_sitenote_active":false,"_exactmetrics_sitenote_note":"","_exactmetrics_sitenote_category":0,"footnotes":""},"class_list":["post-2","page","type-page","status-publish","hentry"],"acf":[],"_links":{"self":[{"href":"https:\/\/www.nooitgedacht.info\/it\/wp-json\/wp\/v2\/pages\/2","targetHints":{"allow":["GET"]}}],"collection":[{"href":"https:\/\/www.nooitgedacht.info\/it\/wp-json\/wp\/v2\/pages"}],"about":[{"href":"https:\/\/www.nooitgedacht.info\/it\/wp-json\/wp\/v2\/types\/page"}],"author":[{"embeddable":true,"href":"https:\/\/www.nooitgedacht.info\/it\/wp-json\/wp\/v2\/users\/1"}],"replies":[{"embeddable":true,"href":"https:\/\/www.nooitgedacht.info\/it\/wp-json\/wp\/v2\/comments?post=2"}],"version-history":[{"count":59,"href":"https:\/\/www.nooitgedacht.info\/it\/wp-json\/wp\/v2\/pages\/2\/revisions"}],"predecessor-version":[{"id":220,"href":"https:\/\/www.nooitgedacht.info\/it\/wp-json\/wp\/v2\/pages\/2\/revisions\/220"}],"wp:attachment":[{"href":"https:\/\/www.nooitgedacht.info\/it\/wp-json\/wp\/v2\/media?parent=2"}],"curies":[{"name":"wp","href":"https:\/\/api.w.org\/{rel}","templated":true}]}}